{"id":18130,"date":"2018-05-24T15:02:58","date_gmt":"2018-05-24T15:02:58","guid":{"rendered":"http:\/\/www.ensenyantssolidaris.org\/web2018\/?page_id=18130"},"modified":"2018-05-24T15:23:18","modified_gmt":"2018-05-24T15:23:18","slug":"seminario-pedagogico-internacional-2017","status":"publish","type":"page","link":"http:\/\/www.ensenyantssolidaris.org\/web2018\/seminarios\/seminario-pedagogico-internacional-2017\/","title":{"rendered":"Seminario pedag\u00f3gico 2017"},"content":{"rendered":"<div class=\"wpb-content-wrapper\"><p>[vc_row][vc_column][vc_column_text]<a href=\"http:\/\/www.ensenyantssolidaris.org\/web2018\/wp-content\/uploads\/2018\/05\/Diptic-complet-Guatemala.pdf\"><img loading=\"lazy\" decoding=\"async\" class=\"alignleft wp-image-18140 size-medium\" src=\"http:\/\/www.ensenyantssolidaris.org\/web2018\/wp-content\/uploads\/2018\/05\/seminario_2017_internacional-212x300.png\" alt=\"\" width=\"212\" height=\"300\" srcset=\"http:\/\/www.ensenyantssolidaris.org\/web2018\/wp-content\/uploads\/2018\/05\/seminario_2017_internacional-212x300.png 212w, http:\/\/www.ensenyantssolidaris.org\/web2018\/wp-content\/uploads\/2018\/05\/seminario_2017_internacional.png 384w\" sizes=\"auto, (max-width: 212px) 100vw, 212px\" \/><\/a>El Seminario \u201cExperiencias Sobre La Formaci\u00f3n continua de docentes en Guatemala\u201d ha constituido un esfuerzo colectivo en el proceso de analizar el proceso de formaci\u00f3n continua que se est\u00e1 realizando en el proyecto de la plataforma solidaria Moodle que desde su concepci\u00f3n pretende acompa\u00f1ar los procesos alternativos de formaci\u00f3n para poder transformar la educaci\u00f3n en Guatemala.<\/p>\n<p>Dicho seminario se realiz\u00f3 los d\u00edas 28 y 29 de agosto, siendo una innovaci\u00f3n en los seminarios que STEI Intersindical y Ensenyants Solidaris lleva desarrollando desde el a\u00f1o 2003.<\/p>\n<p>La participaci\u00f3n ha sido de 110 personas de 13 organizaciones sociales de Guatemala de 12 departamentos.<\/p>\n<p>La finalidad de este seminario, ha sido contribuir en la reflexi\u00f3n sobre los aprendizajes con una reivindicaci\u00f3n clara de defender la escuela p\u00fablica de calidad a trav\u00e9s de la formaci\u00f3n docente y la incorporaci\u00f3n de metodolog\u00edas alternativas y el uso delas TICS.<\/p>\n<ol>\n<li>AUSPICIO<\/li>\n<\/ol>\n<p>El Seminario Taller ha recibido el reconocimiento para su realizaci\u00f3n de la Universidad San Carlos de Guatemala. La coordinaci\u00f3n fue a trav\u00e9s de la Asociaci\u00f3n Educando Guatemala, socio local de nuestra entidad en la realizaci\u00f3n de proyectos de cooperaci\u00f3n para el desarrollo. El apoyo econ\u00f3mico se debi\u00f3 a la solidaridad de las cuatro entidades:<\/p>\n<ul>\n<li>ONGD Ensenyants Solidaris de Palma de Mallorca, Espa\u00f1a<\/li>\n<li>Sindicato de Trabajadores de Educaci\u00f3n de las Islas Baleares, Espa\u00f1a (STEI- INTERSINDICAL)<\/li>\n<li>Sindicato de Trabajadores de la Educaci\u00f3n de Valencia (STEPV)<\/li>\n<li>Confederaci\u00f3n de Sindicatos de Trabajadoras y Trabajadores de la Ense\u00f1anza (STES &#8211; Intersindical)<\/li>\n<\/ul>\n<p>Adem\u00e1s, 13 organizaciones nacionales se hicieron presentes en este evento, gracias al apoyo econ\u00f3mico que nos brindaron y a trav\u00e9s de la participaci\u00f3n de tres cooperantes, uno del Pa\u00eds Valenci\u00e0 el Sr Rub\u00e9n Masi\u00e0 y dos de las Illes Balears: el Sr. Gabriel Simonet y el Sr Juan Rodr\u00edguez que participaron con ponencias que, enriquecieron los debates y propuestas.[\/vc_column_text][\/vc_column][\/vc_row][vc_row][vc_column][vc_empty_space]\n<div class=\"edgtf-video-button\">\n\t<a itemprop=\"image\" class=\"edgtf-video-button-play\" href=\"https:\/\/youtu.be\/LNqpjUth5HQ\" data-rel=\"prettyPhoto\" >\n\t\t\t\t\t<span class=\"edgtf-video-button-image\">\n\t\t\t\t<img decoding=\"async\" itemprop=\"image\" src=\"http:\/\/www.ensenyantssolidaris.org\/web2018\/wp-content\/uploads\/2018\/05\/seminario.png\" alt=\"\" \/>\n\t\t\t<\/span>\n\t\t\t\t<span class=\"edgtf-video-button-wrapper\">\n\t\t\t<span class=\"edgtf-video-button-wrapper-inner\" >\n\t\t\t\t<span class=\"fa fa-play\"><\/span>\n\t\t\t<\/span>\n\t\t<\/span>\n\t<\/a>\n\t<\/div>[\/vc_column][\/vc_row]<\/p>\n<\/div>","protected":false},"excerpt":{"rendered":"<p>[vc_row][vc_column][vc_column_text]El Seminario \u201cExperiencias Sobre La Formaci\u00f3n continua de docentes en Guatemala\u201d ha constituido un esfuerzo colectivo en el proceso de analizar el proceso de formaci\u00f3n continua que se est\u00e1 realizando en el proyecto de la plataforma solidaria Moodle que desde su concepci\u00f3n pretende acompa\u00f1ar los procesos alternativos de formaci\u00f3n para poder transformar la educaci\u00f3n en&#8230;<\/p>\n","protected":false},"author":1,"featured_media":0,"parent":17912,"menu_order":0,"comment_status":"closed","ping_status":"closed","template":"","meta":{"ngg_post_thumbnail":0,"footnotes":""},"class_list":["post-18130","page","type-page","status-publish","hentry"],"_links":{"self":[{"href":"http:\/\/www.ensenyantssolidaris.org\/web2018\/wp-json\/wp\/v2\/pages\/18130","targetHints":{"allow":["GET"]}}],"collection":[{"href":"http:\/\/www.ensenyantssolidaris.org\/web2018\/wp-json\/wp\/v2\/pages"}],"about":[{"href":"http:\/\/www.ensenyantssolidaris.org\/web2018\/wp-json\/wp\/v2\/types\/page"}],"author":[{"embeddable":true,"href":"http:\/\/www.ensenyantssolidaris.org\/web2018\/wp-json\/wp\/v2\/users\/1"}],"replies":[{"embeddable":true,"href":"http:\/\/www.ensenyantssolidaris.org\/web2018\/wp-json\/wp\/v2\/comments?post=18130"}],"version-history":[{"count":10,"href":"http:\/\/www.ensenyantssolidaris.org\/web2018\/wp-json\/wp\/v2\/pages\/18130\/revisions"}],"predecessor-version":[{"id":18147,"href":"http:\/\/www.ensenyantssolidaris.org\/web2018\/wp-json\/wp\/v2\/pages\/18130\/revisions\/18147"}],"up":[{"embeddable":true,"href":"http:\/\/www.ensenyantssolidaris.org\/web2018\/wp-json\/wp\/v2\/pages\/17912"}],"wp:attachment":[{"href":"http:\/\/www.ensenyantssolidaris.org\/web2018\/wp-json\/wp\/v2\/media?parent=18130"}],"curies":[{"name":"wp","href":"https:\/\/api.w.org\/{rel}","templated":true}]}}